{"id":9505,"date":"2023-03-01T18:07:50","date_gmt":"2023-03-02T00:07:50","guid":{"rendered":"https:\/\/puenteinformativo.info\/?page_id=9505"},"modified":"2023-03-01T18:10:52","modified_gmt":"2023-03-02T00:10:52","slug":"personal-naval-auxilia-a-nueve-personas-que-viajaban-a-bordo-de-un-yate","status":"publish","type":"page","link":"https:\/\/puenteinformativo.info\/index.php\/personal-naval-auxilia-a-nueve-personas-que-viajaban-a-bordo-de-un-yate\/","title":{"rendered":"Personal naval auxilia a nueve personas que viajaban a bordo de un yate"},"content":{"rendered":"\n<p>Qued\u00f3 a la deriva, en inmediaciones de la Isla Salmedina, Veracruz<\/p>\n\n\n\n<p>PUENTE INFORMATIVO\/Salmedina, Veracruz<\/p>\n\n\n\n<p>La Secretar\u00eda de Marina en el ejercicio de la Autoridad Mar\u00edtima Nacional a trav\u00e9s de la Armada de M\u00e9xico en funciones de Guardia Costera, informa que la tarde de ayer, personal naval acudi\u00f3 al rescate de nueve personas que viajaban a bordo de una embarcaci\u00f3n tipo Yate, la cual present\u00f3 una falla en su sistema de gobierno, quedando a la deriva, en inmediaciones de la Isla Salmedina.<\/p>\n\n\n\n<p>Esta acci\u00f3n se llev\u00f3 a cabo tras recibir una llamada de emergencia del C5, mediante la cual se inform\u00f3 que un Yate de nombre \u201cApolo II\u201d se encontraba varado con nueve tripulantes a bordo, en el \u00e1rea arrecifal de la Isla Salmedina, por lo que se requiri\u00f3 el apoyo de la Tercera Regi\u00f3n Naval.<\/p>\n\n\n\n<p>Por lo anterior y con el objetivo de salvaguardar la vida humana en la mar, se orden\u00f3 el zarpe inmediato de una embarcaci\u00f3n tipo Defender con personal especializado a bordo, perteneciente a la Estaci\u00f3n Naval de B\u00fasqueda, Rescate y Vigilancia Mar\u00edtima (ENSAR) Veracruz, mismo que al ubicar a la embarcaci\u00f3n procedi\u00f3 a realizar la evacuaci\u00f3n de sus nueve tripulantes, verificando que todos se encontraran en buen estado de salud, para su posterior traslado a puerto seguro, donde personal del Hospital Naval de Ant\u00f3n Lizardo les brind\u00f3 atenci\u00f3n m\u00e9dica; posteriormente las personas se retiraron por sus propios medios.<\/p>\n\n\n\n<p>Cabe mencionar que ante la situaci\u00f3n y por encontrarse el Yate en zona arrecifal, \u00e9ste fue remolcado a puerto por la embarcaci\u00f3n de la Armada de M\u00e9xico, a fin de que no representara un riesgo a la navegaci\u00f3n, as\u00ed como para evitar causar da\u00f1os al arrecife.<\/p>\n\n\n\n<p>Para casos de emergencia en la mar, la Tercera Regi\u00f3n Naval pone a su disposici\u00f3n el n\u00famero telef\u00f3nico 229 447 7034, y la Secretar\u00eda de Marina-Armada de M\u00e9xico el n\u00famero de contacto 800 MARINA 1 (800 627 4621).<\/p>\n","protected":false},"excerpt":{"rendered":"<p>Qued\u00f3 a la deriva, en inmediaciones de la Isla Salmedina, Veracruz PUENTE INFORMATIVO\/Salmedina, Veracruz La Secretar\u00eda de Marina en el ejercicio de la Autoridad Mar\u00edtima Nacional a trav\u00e9s de la Armada de M\u00e9xico en funciones de Guardia Costera, informa que la tarde de ayer, personal naval acudi\u00f3 al rescate de nueve personas que viajaban a [&hellip;]<\/p>\n","protected":false},"author":3,"featured_media":9506,"parent":0,"menu_order":0,"comment_status":"closed","ping_status":"closed","template":"","meta":{"om_disable_all_campaigns":false,"_monsterinsights_skip_tracking":false,"_monsterinsights_sitenote_active":false,"_monsterinsights_sitenote_note":"","_monsterinsights_sitenote_category":0,"footnotes":""},"aioseo_notices":[],"blog_post_layout_featured_media_urls":{"thumbnail":["https:\/\/puenteinformativo.info\/wp-content\/uploads\/2023\/03\/fe700d8a-8857-44b8-a527-bc9f6ba51185-150x150.jpg",150,150,true],"full":["https:\/\/puenteinformativo.info\/wp-content\/uploads\/2023\/03\/fe700d8a-8857-44b8-a527-bc9f6ba51185.jpg",1600,1200,false]},"categories_names":null,"comments_number":"0","wpmagazine_modules_lite_featured_media_urls":{"thumbnail":["https:\/\/puenteinformativo.info\/wp-content\/uploads\/2023\/03\/fe700d8a-8857-44b8-a527-bc9f6ba51185-150x150.jpg",150,150,true],"cvmm-medium":["https:\/\/puenteinformativo.info\/wp-content\/uploads\/2023\/03\/fe700d8a-8857-44b8-a527-bc9f6ba51185-300x300.jpg",300,300,true],"cvmm-medium-plus":["https:\/\/puenteinformativo.info\/wp-content\/uploads\/2023\/03\/fe700d8a-8857-44b8-a527-bc9f6ba51185-305x207.jpg",305,207,true],"cvmm-portrait":["https:\/\/puenteinformativo.info\/wp-content\/uploads\/2023\/03\/fe700d8a-8857-44b8-a527-bc9f6ba51185-400x600.jpg",400,600,true],"cvmm-medium-square":["https:\/\/puenteinformativo.info\/wp-content\/uploads\/2023\/03\/fe700d8a-8857-44b8-a527-bc9f6ba51185-600x600.jpg",600,600,true],"cvmm-large":["https:\/\/puenteinformativo.info\/wp-content\/uploads\/2023\/03\/fe700d8a-8857-44b8-a527-bc9f6ba51185-1024x1024.jpg",1024,1024,true],"cvmm-small":["https:\/\/puenteinformativo.info\/wp-content\/uploads\/2023\/03\/fe700d8a-8857-44b8-a527-bc9f6ba51185-130x95.jpg",130,95,true],"full":["https:\/\/puenteinformativo.info\/wp-content\/uploads\/2023\/03\/fe700d8a-8857-44b8-a527-bc9f6ba51185.jpg",1600,1200,false]},"_links":{"self":[{"href":"https:\/\/puenteinformativo.info\/index.php\/wp-json\/wp\/v2\/pages\/9505"}],"collection":[{"href":"https:\/\/puenteinformativo.info\/index.php\/wp-json\/wp\/v2\/pages"}],"about":[{"href":"https:\/\/puenteinformativo.info\/index.php\/wp-json\/wp\/v2\/types\/page"}],"author":[{"embeddable":true,"href":"https:\/\/puenteinformativo.info\/index.php\/wp-json\/wp\/v2\/users\/3"}],"replies":[{"embeddable":true,"href":"https:\/\/puenteinformativo.info\/index.php\/wp-json\/wp\/v2\/comments?post=9505"}],"version-history":[{"count":1,"href":"https:\/\/puenteinformativo.info\/index.php\/wp-json\/wp\/v2\/pages\/9505\/revisions"}],"predecessor-version":[{"id":9507,"href":"https:\/\/puenteinformativo.info\/index.php\/wp-json\/wp\/v2\/pages\/9505\/revisions\/9507"}],"wp:featuredmedia":[{"embeddable":true,"href":"https:\/\/puenteinformativo.info\/index.php\/wp-json\/wp\/v2\/media\/9506"}],"wp:attachment":[{"href":"https:\/\/puenteinformativo.info\/index.php\/wp-json\/wp\/v2\/media?parent=9505"}],"curies":[{"name":"wp","href":"https:\/\/api.w.org\/{rel}","templated":true}]}}