{"id":20496,"date":"2024-11-14T17:42:09","date_gmt":"2024-11-14T23:42:09","guid":{"rendered":"https:\/\/puenteinformativo.info\/?page_id=20496"},"modified":"2024-11-16T18:06:45","modified_gmt":"2024-11-17T00:06:45","slug":"se-lleva-a-cabo-el-primer-intercam-revolucionario-de-educacion-especial","status":"publish","type":"page","link":"https:\/\/puenteinformativo.info\/index.php\/se-lleva-a-cabo-el-primer-intercam-revolucionario-de-educacion-especial\/","title":{"rendered":"Se lleva a cabo el Primer Intercam Revolucionario de Educaci\u00f3n Especial"},"content":{"rendered":"\n<p>Un evento para honrar nuestras ra\u00edces, revivir momentos clave de nuestra historia y celebrar los valores que nos conectan como comunidad<\/p>\n\n\n\n<p>PUENTE INFORMATIVO\/Matamoros<\/p>\n\n\n\n<p>En un evento cargado de significado, se llev\u00f3 a cabo el Primer Intercam Revolucionario de Educaci\u00f3n Especial, una ocasi\u00f3n \u00fanica para honrar nuestras ra\u00edces y revivir momentos clave de nuestra historia.<\/p>\n\n\n\n<p>Este evento no solo celebr\u00f3 el legado que nos conecta como comunidad, sino que tambi\u00e9n destac\u00f3 la importancia de la inclusi\u00f3n y la equidad en la educaci\u00f3n para todos.<\/p>\n\n\n<div class=\"wp-block-image\">\n<figure class=\"alignleft size-large is-resized\"><img fetchpriority=\"high\" decoding=\"async\" width=\"1024\" height=\"647\" src=\"https:\/\/puenteinformativo.info\/wp-content\/uploads\/2024\/11\/WhatsApp-Image-2024-11-13-at-2.56.22-PM-1-1024x647.jpeg\" alt=\"\" class=\"wp-image-20497\" style=\"aspect-ratio:1.5826893353941267;width:547px;height:auto\" srcset=\"https:\/\/puenteinformativo.info\/wp-content\/uploads\/2024\/11\/WhatsApp-Image-2024-11-13-at-2.56.22-PM-1-1024x647.jpeg 1024w, https:\/\/puenteinformativo.info\/wp-content\/uploads\/2024\/11\/WhatsApp-Image-2024-11-13-at-2.56.22-PM-1-300x190.jpeg 300w, https:\/\/puenteinformativo.info\/wp-content\/uploads\/2024\/11\/WhatsApp-Image-2024-11-13-at-2.56.22-PM-1-768x485.jpeg 768w, https:\/\/puenteinformativo.info\/wp-content\/uploads\/2024\/11\/WhatsApp-Image-2024-11-13-at-2.56.22-PM-1-1536x971.jpeg 1536w, https:\/\/puenteinformativo.info\/wp-content\/uploads\/2024\/11\/WhatsApp-Image-2024-11-13-at-2.56.22-PM-1.jpeg 1600w\" sizes=\"(max-width: 1024px) 100vw, 1024px\" \/><\/figure><\/div>\n\n\n<p>En representaci\u00f3n del alcalde Alberto Granados F\u00e1vila, presidi\u00f3 el evento la presidenta del DIF Matamoros, Ana Ariceaga, quien dijo que el 114 aniversario de la Revoluci\u00f3n Mexicana representa lucha, igualdad y libertad.<\/p>\n\n\n\n<p>A lo largo de este intercambio, se realizaron diversas actividades como concursos de bailables en donde todos los ni\u00f1os tuvieron una brillante participaci\u00f3n que demuestra una jornada de reflexi\u00f3n, aprendizaje y, sobre todo, de uni\u00f3n entre todos los participantes, quienes compartieron sus experiencias y mejores pr\u00e1cticas.<\/p>\n\n\n\n<p>El evento tambi\u00e9n permiti\u00f3 fortalecer la red de colaboraci\u00f3n entre docentes, estudiantes y familias, buscando siempre el bienestar y la inclusi\u00f3n de todos los miembros de nuestra comunidad educativa.<\/p>\n\n\n\n<p>La actividad concluy\u00f3 con un sentido reconocimiento a los pioneros de la educaci\u00f3n especial, quienes, con su dedicaci\u00f3n y esfuerzo, han marcado un camino de avance hacia una educaci\u00f3n m\u00e1s justa y accesible.<\/p>\n\n\n<div class=\"wp-block-image\">\n<figure class=\"alignright size-large is-resized\"><img decoding=\"async\" width=\"1024\" height=\"673\" src=\"https:\/\/puenteinformativo.info\/wp-content\/uploads\/2024\/11\/WhatsApp-Image-2024-11-13-at-2.56.22-PM-1024x673.jpeg\" alt=\"\" class=\"wp-image-20498\" style=\"aspect-ratio:1.5215453194650816;width:551px;height:auto\" srcset=\"https:\/\/puenteinformativo.info\/wp-content\/uploads\/2024\/11\/WhatsApp-Image-2024-11-13-at-2.56.22-PM-1024x673.jpeg 1024w, https:\/\/puenteinformativo.info\/wp-content\/uploads\/2024\/11\/WhatsApp-Image-2024-11-13-at-2.56.22-PM-300x197.jpeg 300w, https:\/\/puenteinformativo.info\/wp-content\/uploads\/2024\/11\/WhatsApp-Image-2024-11-13-at-2.56.22-PM-768x504.jpeg 768w, https:\/\/puenteinformativo.info\/wp-content\/uploads\/2024\/11\/WhatsApp-Image-2024-11-13-at-2.56.22-PM-1536x1009.jpeg 1536w, https:\/\/puenteinformativo.info\/wp-content\/uploads\/2024\/11\/WhatsApp-Image-2024-11-13-at-2.56.22-PM.jpeg 1600w\" sizes=\"(max-width: 1024px) 100vw, 1024px\" \/><\/figure><\/div>\n\n\n<p>Ana Ariceaga, agradeci\u00f3 a todos los involucrados por hacer de este intercambio una experiencia memorable y enriquecedora.<\/p>\n\n\n\n<p>Las autoridades presentes reconocieron la participaci\u00f3n de los grupos, sin embargo como fue un concurso, hubo un primero, segundo y tercer lugar.<\/p>\n\n\n\n<p>El primer lugar fue para el CAM Tzehuali 1, el segundo lugar para el CAM Jorge Vald\u00e9z Sayas y el tercer lugar para el CAM 30. El evento fue coordinado a trav\u00e9s de la Secretar\u00eda del ayuntamiento y el Sistema Intersectorial de Protecci\u00f3n y Gesti\u00f3n Integral de Derechos de las Personas con Discapacidad&nbsp; (Siproddis).<\/p>\n","protected":false},"excerpt":{"rendered":"<p>Un evento para honrar nuestras ra\u00edces, revivir momentos clave de nuestra historia y celebrar los valores que nos conectan como comunidad PUENTE INFORMATIVO\/Matamoros En un evento cargado de significado, se llev\u00f3 a cabo el Primer Intercam Revolucionario de Educaci\u00f3n Especial, una ocasi\u00f3n \u00fanica para honrar nuestras ra\u00edces y revivir momentos clave de nuestra historia. Este [&hellip;]<\/p>\n","protected":false},"author":3,"featured_media":20500,"parent":0,"menu_order":0,"comment_status":"closed","ping_status":"closed","template":"","meta":{"om_disable_all_campaigns":false,"_monsterinsights_skip_tracking":false,"_monsterinsights_sitenote_active":false,"_monsterinsights_sitenote_note":"","_monsterinsights_sitenote_category":0,"footnotes":""},"aioseo_notices":[],"blog_post_layout_featured_media_urls":{"thumbnail":["https:\/\/puenteinformativo.info\/wp-content\/uploads\/2024\/11\/WhatsApp-Image-2024-11-13-at-2.56.24-PM-150x150.jpeg",150,150,true],"full":["https:\/\/puenteinformativo.info\/wp-content\/uploads\/2024\/11\/WhatsApp-Image-2024-11-13-at-2.56.24-PM.jpeg",1600,1071,false]},"categories_names":null,"comments_number":"0","wpmagazine_modules_lite_featured_media_urls":{"thumbnail":["https:\/\/puenteinformativo.info\/wp-content\/uploads\/2024\/11\/WhatsApp-Image-2024-11-13-at-2.56.24-PM-150x150.jpeg",150,150,true],"cvmm-medium":["https:\/\/puenteinformativo.info\/wp-content\/uploads\/2024\/11\/WhatsApp-Image-2024-11-13-at-2.56.24-PM-300x300.jpeg",300,300,true],"cvmm-medium-plus":["https:\/\/puenteinformativo.info\/wp-content\/uploads\/2024\/11\/WhatsApp-Image-2024-11-13-at-2.56.24-PM-305x207.jpeg",305,207,true],"cvmm-portrait":["https:\/\/puenteinformativo.info\/wp-content\/uploads\/2024\/11\/WhatsApp-Image-2024-11-13-at-2.56.24-PM-400x600.jpeg",400,600,true],"cvmm-medium-square":["https:\/\/puenteinformativo.info\/wp-content\/uploads\/2024\/11\/WhatsApp-Image-2024-11-13-at-2.56.24-PM-600x600.jpeg",600,600,true],"cvmm-large":["https:\/\/puenteinformativo.info\/wp-content\/uploads\/2024\/11\/WhatsApp-Image-2024-11-13-at-2.56.24-PM-1024x1024.jpeg",1024,1024,true],"cvmm-small":["https:\/\/puenteinformativo.info\/wp-content\/uploads\/2024\/11\/WhatsApp-Image-2024-11-13-at-2.56.24-PM-130x95.jpeg",130,95,true],"full":["https:\/\/puenteinformativo.info\/wp-content\/uploads\/2024\/11\/WhatsApp-Image-2024-11-13-at-2.56.24-PM.jpeg",1600,1071,false]},"_links":{"self":[{"href":"https:\/\/puenteinformativo.info\/index.php\/wp-json\/wp\/v2\/pages\/20496"}],"collection":[{"href":"https:\/\/puenteinformativo.info\/index.php\/wp-json\/wp\/v2\/pages"}],"about":[{"href":"https:\/\/puenteinformativo.info\/index.php\/wp-json\/wp\/v2\/types\/page"}],"author":[{"embeddable":true,"href":"https:\/\/puenteinformativo.info\/index.php\/wp-json\/wp\/v2\/users\/3"}],"replies":[{"embeddable":true,"href":"https:\/\/puenteinformativo.info\/index.php\/wp-json\/wp\/v2\/comments?post=20496"}],"version-history":[{"count":1,"href":"https:\/\/puenteinformativo.info\/index.php\/wp-json\/wp\/v2\/pages\/20496\/revisions"}],"predecessor-version":[{"id":20501,"href":"https:\/\/puenteinformativo.info\/index.php\/wp-json\/wp\/v2\/pages\/20496\/revisions\/20501"}],"wp:featuredmedia":[{"embeddable":true,"href":"https:\/\/puenteinformativo.info\/index.php\/wp-json\/wp\/v2\/media\/20500"}],"wp:attachment":[{"href":"https:\/\/puenteinformativo.info\/index.php\/wp-json\/wp\/v2\/media?parent=20496"}],"curies":[{"name":"wp","href":"https:\/\/api.w.org\/{rel}","templated":true}]}}