{"id":16,"date":"2017-07-17T09:12:50","date_gmt":"2017-07-17T09:12:50","guid":{"rendered":"http:\/\/demo.mysterythemes.com\/news-portal\/?page_id=16"},"modified":"2022-09-21T18:40:03","modified_gmt":"2022-09-21T23:40:03","slug":"about","status":"publish","type":"page","link":"https:\/\/puenteinformativo.info\/index.php\/about\/","title":{"rendered":"Nosotros"},"content":{"rendered":"\n<p><strong>Puente Informativo<\/strong> es un medio de comunicaci\u00f3n digital, nuestra labor principal es comunicar las noticias y hechos que acontecen a nivel Local, Nacional e Internacional, donde el inter\u00e9s principal es servir de enlace entre la noticia y la sociedad, informando de una manera <strong>Objetiva, Veras y Oportuna<\/strong> los hechos de inter\u00e9s p\u00fablico.<\/p>\n\n\n\n<p><strong>Copyright 2022\u00a9 Todos los derechos reservados Puente Informativo<\/strong> <strong>|<\/strong> Compa\u00f1\u00eda Period\u00edstica Nacional. De no existir previa autorizaci\u00f3n, queda expresamente prohibida la publicaci\u00f3n, retransmisi\u00f3n, edici\u00f3n y cualquier otro uso de los contenidos.&nbsp;<\/p>\n\n\n\n<figure class=\"wp-block-image size-large is-resized\"><img fetchpriority=\"high\" decoding=\"async\" src=\"https:\/\/puenteinformativo.info\/wp-content\/uploads\/2022\/09\/mapa-bueno-10-1024x684.png\" alt=\"\" class=\"wp-image-2191\" width=\"821\" height=\"548\" srcset=\"https:\/\/puenteinformativo.info\/wp-content\/uploads\/2022\/09\/mapa-bueno-10-1024x684.png 1024w, https:\/\/puenteinformativo.info\/wp-content\/uploads\/2022\/09\/mapa-bueno-10-300x200.png 300w, https:\/\/puenteinformativo.info\/wp-content\/uploads\/2022\/09\/mapa-bueno-10-768x513.png 768w, https:\/\/puenteinformativo.info\/wp-content\/uploads\/2022\/09\/mapa-bueno-10-1536x1025.png 1536w, https:\/\/puenteinformativo.info\/wp-content\/uploads\/2022\/09\/mapa-bueno-10-2048x1367.png 2048w\" sizes=\"(max-width: 821px) 100vw, 821px\" \/><\/figure>\n\n\n\n<p><\/p>\n\n\n\n<h1 class=\"wp-block-heading\" style=\"font-size:30px;text-transform:capitalize\"><strong>premios<\/strong><\/h1>\n\n\n\n<p><strong>2018<\/strong>: 1er lugar Reportaje para TV Premio Nacional de Locuci\u00f3n.<\/p>\n\n\n\n<p><strong>2018<\/strong>: Medalla al Merito &#8220;Jacobo Zabludovsky&#8221; Asociaci\u00f3n Nacional de Locutores.<\/p>\n\n\n\n<p><strong>2018<\/strong>: 1er lugar Reportaje para TV Premio M\u00e9xico de Periodismo Fapermex.<\/p>\n\n\n\n<p><strong>2014<\/strong>: 1er lugar Entrevista para TV Premio M\u00e9xico de Periodismo Fapermex.<\/p>\n\n\n\n<p><strong>2010<\/strong>: 1er lugar Reportaje Premio M\u00e9xico de Periodismo Fapermex.<\/p>\n\n\n\n<p><strong>2008<\/strong>: 1er lugar Entrevista Concurso Estatal de Periodismo Manuel Biendia (UPD) Tamaulipas.<\/p>\n\n\n\n<p><strong>2003<\/strong>: 1er lugar Cr\u00f3nica Concurso Estatal de Periodismo Manuel Biendia (UPD) Tamaulipas.<\/p>\n\n\n\n<p><strong>2002<\/strong>: 1er lugar Entrevista Concurso Estatal de Periodismo Manuel Buendia (UPD) Tamaulipas.<\/p>\n\n\n\n<figure class=\"wp-block-gallery has-nested-images columns-default is-cropped wp-block-gallery-16 is-layout-flex wp-block-gallery-is-layout-flex\">\n<figure class=\"wp-block-image size-large wp-duotone-000000-ffffff-1\"><img decoding=\"async\" width=\"960\" height=\"639\" data-id=\"2197\" src=\"https:\/\/puenteinformativo.info\/wp-content\/uploads\/2022\/09\/WhatsApp-Image-2022-09-14-at-7.39.46-PM-4.jpeg\" alt=\"\" class=\"wp-image-2197\" srcset=\"https:\/\/puenteinformativo.info\/wp-content\/uploads\/2022\/09\/WhatsApp-Image-2022-09-14-at-7.39.46-PM-4.jpeg 960w, https:\/\/puenteinformativo.info\/wp-content\/uploads\/2022\/09\/WhatsApp-Image-2022-09-14-at-7.39.46-PM-4-300x200.jpeg 300w, https:\/\/puenteinformativo.info\/wp-content\/uploads\/2022\/09\/WhatsApp-Image-2022-09-14-at-7.39.46-PM-4-768x511.jpeg 768w\" sizes=\"(max-width: 960px) 100vw, 960px\" \/><\/figure>\n\n\n\n<figure class=\"wp-block-image size-large wp-duotone-000000-ffffff-2\"><img decoding=\"async\" width=\"631\" height=\"631\" data-id=\"2196\" src=\"https:\/\/puenteinformativo.info\/wp-content\/uploads\/2022\/09\/WhatsApp-Image-2022-09-14-at-7.39.46-PM.jpeg\" alt=\"\" class=\"wp-image-2196\" srcset=\"https:\/\/puenteinformativo.info\/wp-content\/uploads\/2022\/09\/WhatsApp-Image-2022-09-14-at-7.39.46-PM.jpeg 631w, https:\/\/puenteinformativo.info\/wp-content\/uploads\/2022\/09\/WhatsApp-Image-2022-09-14-at-7.39.46-PM-300x300.jpeg 300w, https:\/\/puenteinformativo.info\/wp-content\/uploads\/2022\/09\/WhatsApp-Image-2022-09-14-at-7.39.46-PM-150x150.jpeg 150w, https:\/\/puenteinformativo.info\/wp-content\/uploads\/2022\/09\/WhatsApp-Image-2022-09-14-at-7.39.46-PM-600x600.jpeg 600w\" sizes=\"(max-width: 631px) 100vw, 631px\" \/><\/figure>\n\n\n\n<figure class=\"wp-block-image size-large wp-duotone-000000-ffffff-3\"><img loading=\"lazy\" decoding=\"async\" width=\"960\" height=\"635\" data-id=\"2200\" src=\"https:\/\/puenteinformativo.info\/wp-content\/uploads\/2022\/09\/10365813_10202213288795902_4159259657944743169_n.jpg\" alt=\"\" class=\"wp-image-2200\" srcset=\"https:\/\/puenteinformativo.info\/wp-content\/uploads\/2022\/09\/10365813_10202213288795902_4159259657944743169_n.jpg 960w, https:\/\/puenteinformativo.info\/wp-content\/uploads\/2022\/09\/10365813_10202213288795902_4159259657944743169_n-300x198.jpg 300w, https:\/\/puenteinformativo.info\/wp-content\/uploads\/2022\/09\/10365813_10202213288795902_4159259657944743169_n-768x508.jpg 768w\" sizes=\"(max-width: 960px) 100vw, 960px\" \/><\/figure>\n\n\n\n<figure class=\"wp-block-image size-large wp-duotone-000000-ffffff-4\"><img loading=\"lazy\" decoding=\"async\" width=\"682\" height=\"1024\" data-id=\"2209\" src=\"https:\/\/puenteinformativo.info\/wp-content\/uploads\/2022\/09\/WhatsApp-Image-2022-09-14-at-7.39.41-PM-1-682x1024.jpeg\" alt=\"\" class=\"wp-image-2209\" srcset=\"https:\/\/puenteinformativo.info\/wp-content\/uploads\/2022\/09\/WhatsApp-Image-2022-09-14-at-7.39.41-PM-1-682x1024.jpeg 682w, https:\/\/puenteinformativo.info\/wp-content\/uploads\/2022\/09\/WhatsApp-Image-2022-09-14-at-7.39.41-PM-1-200x300.jpeg 200w, https:\/\/puenteinformativo.info\/wp-content\/uploads\/2022\/09\/WhatsApp-Image-2022-09-14-at-7.39.41-PM-1-768x1152.jpeg 768w, https:\/\/puenteinformativo.info\/wp-content\/uploads\/2022\/09\/WhatsApp-Image-2022-09-14-at-7.39.41-PM-1-400x600.jpeg 400w, https:\/\/puenteinformativo.info\/wp-content\/uploads\/2022\/09\/WhatsApp-Image-2022-09-14-at-7.39.41-PM-1.jpeg 853w\" sizes=\"(max-width: 682px) 100vw, 682px\" \/><\/figure>\n\n\n\n<figure class=\"wp-block-image size-large wp-duotone-000000-ffffff-5\"><img loading=\"lazy\" decoding=\"async\" width=\"682\" height=\"1024\" data-id=\"2206\" src=\"https:\/\/puenteinformativo.info\/wp-content\/uploads\/2022\/09\/WhatsApp-Image-2022-09-14-at-7.39.46-PM-5-682x1024.jpeg\" alt=\"\" class=\"wp-image-2206\" srcset=\"https:\/\/puenteinformativo.info\/wp-content\/uploads\/2022\/09\/WhatsApp-Image-2022-09-14-at-7.39.46-PM-5-682x1024.jpeg 682w, https:\/\/puenteinformativo.info\/wp-content\/uploads\/2022\/09\/WhatsApp-Image-2022-09-14-at-7.39.46-PM-5-200x300.jpeg 200w, https:\/\/puenteinformativo.info\/wp-content\/uploads\/2022\/09\/WhatsApp-Image-2022-09-14-at-7.39.46-PM-5-768x1152.jpeg 768w, https:\/\/puenteinformativo.info\/wp-content\/uploads\/2022\/09\/WhatsApp-Image-2022-09-14-at-7.39.46-PM-5-400x600.jpeg 400w, https:\/\/puenteinformativo.info\/wp-content\/uploads\/2022\/09\/WhatsApp-Image-2022-09-14-at-7.39.46-PM-5.jpeg 853w\" sizes=\"(max-width: 682px) 100vw, 682px\" \/><\/figure>\n\n\n\n<figure class=\"wp-block-image size-large wp-duotone-000000-ffffff-6\"><img loading=\"lazy\" decoding=\"async\" width=\"1024\" height=\"683\" data-id=\"2211\" src=\"https:\/\/puenteinformativo.info\/wp-content\/uploads\/2022\/09\/AL-Premian-a-Ceesar-Peralta-Gonzaelez-02-1024x683.jpg\" alt=\"\" class=\"wp-image-2211\" title=\"1er lugar del concurso M\u00e9xico de periodismo en la categor\u00eda de entrevista.\" srcset=\"https:\/\/puenteinformativo.info\/wp-content\/uploads\/2022\/09\/AL-Premian-a-Ceesar-Peralta-Gonzaelez-02-1024x683.jpg 1024w, https:\/\/puenteinformativo.info\/wp-content\/uploads\/2022\/09\/AL-Premian-a-Ceesar-Peralta-Gonzaelez-02-300x200.jpg 300w, https:\/\/puenteinformativo.info\/wp-content\/uploads\/2022\/09\/AL-Premian-a-Ceesar-Peralta-Gonzaelez-02-768x512.jpg 768w, https:\/\/puenteinformativo.info\/wp-content\/uploads\/2022\/09\/AL-Premian-a-Ceesar-Peralta-Gonzaelez-02-1536x1024.jpg 1536w, https:\/\/puenteinformativo.info\/wp-content\/uploads\/2022\/09\/AL-Premian-a-Ceesar-Peralta-Gonzaelez-02-2048x1365.jpg 2048w\" sizes=\"(max-width: 1024px) 100vw, 1024px\" \/><\/figure>\n\n\n\n<figure class=\"wp-block-image size-large wp-duotone-000000-ffffff-7\"><img loading=\"lazy\" decoding=\"async\" width=\"600\" height=\"399\" data-id=\"2218\" src=\"https:\/\/puenteinformativo.info\/wp-content\/uploads\/2022\/09\/IMG_23671.jpg\" alt=\"\" class=\"wp-image-2218\" srcset=\"https:\/\/puenteinformativo.info\/wp-content\/uploads\/2022\/09\/IMG_23671.jpg 600w, https:\/\/puenteinformativo.info\/wp-content\/uploads\/2022\/09\/IMG_23671-300x200.jpg 300w\" sizes=\"(max-width: 600px) 100vw, 600px\" \/><\/figure>\n\n\n\n<figure class=\"wp-block-image size-large wp-duotone-000000-ffffff-8\"><img loading=\"lazy\" decoding=\"async\" width=\"720\" height=\"540\" data-id=\"2203\" src=\"https:\/\/puenteinformativo.info\/wp-content\/uploads\/2022\/09\/WhatsApp-Image-2022-09-14-at-7.39.46-PM-8.jpeg\" alt=\"\" class=\"wp-image-2203\" srcset=\"https:\/\/puenteinformativo.info\/wp-content\/uploads\/2022\/09\/WhatsApp-Image-2022-09-14-at-7.39.46-PM-8.jpeg 720w, https:\/\/puenteinformativo.info\/wp-content\/uploads\/2022\/09\/WhatsApp-Image-2022-09-14-at-7.39.46-PM-8-300x225.jpeg 300w, https:\/\/puenteinformativo.info\/wp-content\/uploads\/2022\/09\/WhatsApp-Image-2022-09-14-at-7.39.46-PM-8-136x102.jpeg 136w\" sizes=\"(max-width: 720px) 100vw, 720px\" \/><\/figure>\n\n\n\n<figure class=\"wp-block-image size-large wp-duotone-000000-ffffff-9\"><img loading=\"lazy\" decoding=\"async\" width=\"960\" height=\"640\" data-id=\"2201\" src=\"https:\/\/puenteinformativo.info\/wp-content\/uploads\/2022\/09\/WhatsApp-Image-2022-09-14-at-7.39.45-PM-3.jpeg\" alt=\"\" class=\"wp-image-2201\" srcset=\"https:\/\/puenteinformativo.info\/wp-content\/uploads\/2022\/09\/WhatsApp-Image-2022-09-14-at-7.39.45-PM-3.jpeg 960w, https:\/\/puenteinformativo.info\/wp-content\/uploads\/2022\/09\/WhatsApp-Image-2022-09-14-at-7.39.45-PM-3-300x200.jpeg 300w, https:\/\/puenteinformativo.info\/wp-content\/uploads\/2022\/09\/WhatsApp-Image-2022-09-14-at-7.39.45-PM-3-768x512.jpeg 768w\" sizes=\"(max-width: 960px) 100vw, 960px\" \/><\/figure>\n\n\n\n<figure class=\"wp-block-image size-large wp-duotone-000000-ffffff-10\"><img loading=\"lazy\" decoding=\"async\" width=\"800\" height=\"480\" data-id=\"2194\" src=\"https:\/\/puenteinformativo.info\/wp-content\/uploads\/2022\/09\/WhatsApp-Image-2022-09-14-at-7.39.44-PM-2.jpeg\" alt=\"\" class=\"wp-image-2194\" srcset=\"https:\/\/puenteinformativo.info\/wp-content\/uploads\/2022\/09\/WhatsApp-Image-2022-09-14-at-7.39.44-PM-2.jpeg 800w, https:\/\/puenteinformativo.info\/wp-content\/uploads\/2022\/09\/WhatsApp-Image-2022-09-14-at-7.39.44-PM-2-300x180.jpeg 300w, https:\/\/puenteinformativo.info\/wp-content\/uploads\/2022\/09\/WhatsApp-Image-2022-09-14-at-7.39.44-PM-2-768x461.jpeg 768w\" sizes=\"(max-width: 800px) 100vw, 800px\" \/><\/figure>\n\n\n\n<figure class=\"wp-block-image size-large wp-duotone-000000-ffffff-11\"><img loading=\"lazy\" decoding=\"async\" width=\"960\" height=\"624\" data-id=\"2199\" src=\"https:\/\/puenteinformativo.info\/wp-content\/uploads\/2022\/09\/WhatsApp-Image-2022-09-14-at-7.39.45-PM-6.jpeg\" alt=\"\" class=\"wp-image-2199\" srcset=\"https:\/\/puenteinformativo.info\/wp-content\/uploads\/2022\/09\/WhatsApp-Image-2022-09-14-at-7.39.45-PM-6.jpeg 960w, https:\/\/puenteinformativo.info\/wp-content\/uploads\/2022\/09\/WhatsApp-Image-2022-09-14-at-7.39.45-PM-6-300x195.jpeg 300w, https:\/\/puenteinformativo.info\/wp-content\/uploads\/2022\/09\/WhatsApp-Image-2022-09-14-at-7.39.45-PM-6-768x499.jpeg 768w\" sizes=\"(max-width: 960px) 100vw, 960px\" \/><\/figure>\n\n\n\n<figure class=\"wp-block-image size-large wp-duotone-000000-ffffff-12\"><img loading=\"lazy\" decoding=\"async\" width=\"960\" height=\"635\" data-id=\"2204\" src=\"https:\/\/puenteinformativo.info\/wp-content\/uploads\/2022\/09\/WhatsApp-Image-2022-09-14-at-7.39.46-PM-9.jpeg\" alt=\"\" class=\"wp-image-2204\" srcset=\"https:\/\/puenteinformativo.info\/wp-content\/uploads\/2022\/09\/WhatsApp-Image-2022-09-14-at-7.39.46-PM-9.jpeg 960w, https:\/\/puenteinformativo.info\/wp-content\/uploads\/2022\/09\/WhatsApp-Image-2022-09-14-at-7.39.46-PM-9-300x198.jpeg 300w, https:\/\/puenteinformativo.info\/wp-content\/uploads\/2022\/09\/WhatsApp-Image-2022-09-14-at-7.39.46-PM-9-768x508.jpeg 768w\" sizes=\"(max-width: 960px) 100vw, 960px\" \/><\/figure>\n\n\n\n<figure class=\"wp-block-image size-large is-style-default wp-duotone-000000-ffffff-13\"><img loading=\"lazy\" decoding=\"async\" width=\"1024\" height=\"726\" data-id=\"2207\" src=\"https:\/\/puenteinformativo.info\/wp-content\/uploads\/2022\/09\/WhatsApp-Image-2022-09-14-at-7.39.46-PM-14-1024x726.jpeg\" alt=\"\" class=\"wp-image-2207\" srcset=\"https:\/\/puenteinformativo.info\/wp-content\/uploads\/2022\/09\/WhatsApp-Image-2022-09-14-at-7.39.46-PM-14-1024x726.jpeg 1024w, https:\/\/puenteinformativo.info\/wp-content\/uploads\/2022\/09\/WhatsApp-Image-2022-09-14-at-7.39.46-PM-14-300x213.jpeg 300w, https:\/\/puenteinformativo.info\/wp-content\/uploads\/2022\/09\/WhatsApp-Image-2022-09-14-at-7.39.46-PM-14-768x545.jpeg 768w, https:\/\/puenteinformativo.info\/wp-content\/uploads\/2022\/09\/WhatsApp-Image-2022-09-14-at-7.39.46-PM-14.jpeg 1280w\" sizes=\"(max-width: 1024px) 100vw, 1024px\" \/><\/figure>\n\n\n\n<figure class=\"wp-block-image size-large wp-duotone-000000-ffffff-14\"><img loading=\"lazy\" decoding=\"async\" width=\"960\" height=\"720\" data-id=\"2205\" src=\"https:\/\/puenteinformativo.info\/wp-content\/uploads\/2022\/09\/WhatsApp-Image-2022-09-14-at-7.39.46-PM-11.jpeg\" alt=\"\" class=\"wp-image-2205\" srcset=\"https:\/\/puenteinformativo.info\/wp-content\/uploads\/2022\/09\/WhatsApp-Image-2022-09-14-at-7.39.46-PM-11.jpeg 960w, https:\/\/puenteinformativo.info\/wp-content\/uploads\/2022\/09\/WhatsApp-Image-2022-09-14-at-7.39.46-PM-11-300x225.jpeg 300w, https:\/\/puenteinformativo.info\/wp-content\/uploads\/2022\/09\/WhatsApp-Image-2022-09-14-at-7.39.46-PM-11-768x576.jpeg 768w, https:\/\/puenteinformativo.info\/wp-content\/uploads\/2022\/09\/WhatsApp-Image-2022-09-14-at-7.39.46-PM-11-136x102.jpeg 136w\" sizes=\"(max-width: 960px) 100vw, 960px\" \/><\/figure>\n\n\n\n<figure class=\"wp-block-image size-large wp-duotone-000000-ffffff-15\"><img loading=\"lazy\" decoding=\"async\" width=\"1024\" height=\"768\" data-id=\"2210\" src=\"https:\/\/puenteinformativo.info\/wp-content\/uploads\/2022\/09\/100_1267-1-1024x768.jpg\" alt=\"\" class=\"wp-image-2210\" srcset=\"https:\/\/puenteinformativo.info\/wp-content\/uploads\/2022\/09\/100_1267-1-1024x768.jpg 1024w, https:\/\/puenteinformativo.info\/wp-content\/uploads\/2022\/09\/100_1267-1-300x225.jpg 300w, https:\/\/puenteinformativo.info\/wp-content\/uploads\/2022\/09\/100_1267-1-768x576.jpg 768w, https:\/\/puenteinformativo.info\/wp-content\/uploads\/2022\/09\/100_1267-1-1536x1152.jpg 1536w, https:\/\/puenteinformativo.info\/wp-content\/uploads\/2022\/09\/100_1267-1-136x102.jpg 136w, https:\/\/puenteinformativo.info\/wp-content\/uploads\/2022\/09\/100_1267-1.jpg 2048w\" sizes=\"(max-width: 1024px) 100vw, 1024px\" \/><\/figure>\n<\/figure>\n\n\n\n<p><\/p>\n\n\n\n<p><\/p>\n\n\n\n<h1 class=\"wp-block-heading\" style=\"font-size:30px\">Historia<\/h1>\n\n\n\n<figure class=\"wp-block-gallery has-nested-images columns-default is-cropped wp-block-gallery-24 is-layout-flex wp-block-gallery-is-layout-flex\">\n<figure class=\"wp-block-image size-medium wp-duotone-000000-ffffff-18\"><img loading=\"lazy\" decoding=\"async\" width=\"300\" height=\"231\" data-id=\"2253\" src=\"https:\/\/puenteinformativo.info\/wp-content\/uploads\/2022\/09\/BARACK-300x231.png\" alt=\"\" class=\"wp-image-2253\" srcset=\"https:\/\/puenteinformativo.info\/wp-content\/uploads\/2022\/09\/BARACK-300x231.png 300w, https:\/\/puenteinformativo.info\/wp-content\/uploads\/2022\/09\/BARACK-768x591.png 768w, https:\/\/puenteinformativo.info\/wp-content\/uploads\/2022\/09\/BARACK.png 826w\" sizes=\"(max-width: 300px) 100vw, 300px\" \/><\/figure>\n\n\n\n<figure class=\"wp-block-image size-large wp-duotone-000000-ffffff-19\"><img loading=\"lazy\" decoding=\"async\" width=\"1024\" height=\"682\" data-id=\"2235\" src=\"https:\/\/puenteinformativo.info\/wp-content\/uploads\/2022\/09\/WhatsApp-Image-2022-09-14-at-7.39.45-PM-5-1024x682.jpeg\" alt=\"\" class=\"wp-image-2235\" srcset=\"https:\/\/puenteinformativo.info\/wp-content\/uploads\/2022\/09\/WhatsApp-Image-2022-09-14-at-7.39.45-PM-5-1024x682.jpeg 1024w, https:\/\/puenteinformativo.info\/wp-content\/uploads\/2022\/09\/WhatsApp-Image-2022-09-14-at-7.39.45-PM-5-300x200.jpeg 300w, https:\/\/puenteinformativo.info\/wp-content\/uploads\/2022\/09\/WhatsApp-Image-2022-09-14-at-7.39.45-PM-5-768x511.jpeg 768w, https:\/\/puenteinformativo.info\/wp-content\/uploads\/2022\/09\/WhatsApp-Image-2022-09-14-at-7.39.45-PM-5.jpeg 1280w\" sizes=\"(max-width: 1024px) 100vw, 1024px\" \/><\/figure>\n\n\n\n<figure class=\"wp-block-image size-large wp-duotone-000000-ffffff-20\"><img loading=\"lazy\" decoding=\"async\" width=\"768\" height=\"1024\" data-id=\"2237\" src=\"https:\/\/puenteinformativo.info\/wp-content\/uploads\/2022\/09\/WhatsApp-Image-2022-09-14-at-7.39.42-PM-768x1024.jpeg\" alt=\"\" class=\"wp-image-2237\" srcset=\"https:\/\/puenteinformativo.info\/wp-content\/uploads\/2022\/09\/WhatsApp-Image-2022-09-14-at-7.39.42-PM-768x1024.jpeg 768w, https:\/\/puenteinformativo.info\/wp-content\/uploads\/2022\/09\/WhatsApp-Image-2022-09-14-at-7.39.42-PM-225x300.jpeg 225w, https:\/\/puenteinformativo.info\/wp-content\/uploads\/2022\/09\/WhatsApp-Image-2022-09-14-at-7.39.42-PM.jpeg 960w\" sizes=\"(max-width: 768px) 100vw, 768px\" \/><\/figure>\n\n\n\n<figure class=\"wp-block-image size-large wp-duotone-000000-ffffff-21\"><img loading=\"lazy\" decoding=\"async\" width=\"768\" height=\"1024\" data-id=\"2236\" src=\"https:\/\/puenteinformativo.info\/wp-content\/uploads\/2022\/09\/WhatsApp-Image-2022-09-14-at-7.39.42-PM-1-768x1024.jpeg\" alt=\"\" class=\"wp-image-2236\" srcset=\"https:\/\/puenteinformativo.info\/wp-content\/uploads\/2022\/09\/WhatsApp-Image-2022-09-14-at-7.39.42-PM-1-768x1024.jpeg 768w, https:\/\/puenteinformativo.info\/wp-content\/uploads\/2022\/09\/WhatsApp-Image-2022-09-14-at-7.39.42-PM-1-225x300.jpeg 225w, https:\/\/puenteinformativo.info\/wp-content\/uploads\/2022\/09\/WhatsApp-Image-2022-09-14-at-7.39.42-PM-1.jpeg 960w\" sizes=\"(max-width: 768px) 100vw, 768px\" \/><\/figure>\n\n\n\n<figure class=\"wp-block-image size-large wp-duotone-000000-ffffff-22\"><img loading=\"lazy\" decoding=\"async\" width=\"720\" height=\"540\" data-id=\"2231\" src=\"https:\/\/puenteinformativo.info\/wp-content\/uploads\/2022\/09\/WhatsApp-Image-2022-09-14-at-7.39.44-PM-1.jpeg\" alt=\"\" class=\"wp-image-2231\" srcset=\"https:\/\/puenteinformativo.info\/wp-content\/uploads\/2022\/09\/WhatsApp-Image-2022-09-14-at-7.39.44-PM-1.jpeg 720w, https:\/\/puenteinformativo.info\/wp-content\/uploads\/2022\/09\/WhatsApp-Image-2022-09-14-at-7.39.44-PM-1-300x225.jpeg 300w, https:\/\/puenteinformativo.info\/wp-content\/uploads\/2022\/09\/WhatsApp-Image-2022-09-14-at-7.39.44-PM-1-136x102.jpeg 136w\" sizes=\"(max-width: 720px) 100vw, 720px\" \/><\/figure>\n\n\n\n<figure class=\"wp-block-image size-large wp-duotone-000000-ffffff-23\"><img loading=\"lazy\" decoding=\"async\" width=\"960\" height=\"720\" data-id=\"2233\" src=\"https:\/\/puenteinformativo.info\/wp-content\/uploads\/2022\/09\/WhatsApp-Image-2022-09-14-at-7.39.44-PM.jpeg\" alt=\"\" class=\"wp-image-2233\" srcset=\"https:\/\/puenteinformativo.info\/wp-content\/uploads\/2022\/09\/WhatsApp-Image-2022-09-14-at-7.39.44-PM.jpeg 960w, https:\/\/puenteinformativo.info\/wp-content\/uploads\/2022\/09\/WhatsApp-Image-2022-09-14-at-7.39.44-PM-300x225.jpeg 300w, https:\/\/puenteinformativo.info\/wp-content\/uploads\/2022\/09\/WhatsApp-Image-2022-09-14-at-7.39.44-PM-768x576.jpeg 768w, https:\/\/puenteinformativo.info\/wp-content\/uploads\/2022\/09\/WhatsApp-Image-2022-09-14-at-7.39.44-PM-136x102.jpeg 136w\" sizes=\"(max-width: 960px) 100vw, 960px\" \/><\/figure>\n<\/figure>\n","protected":false},"excerpt":{"rendered":"<p>Puente Informativo es un medio de comunicaci\u00f3n digital, nuestra labor principal es comunicar las noticias y hechos que acontecen a nivel Local, Nacional e Internacional, donde el inter\u00e9s principal es servir de enlace entre la noticia y la sociedad, informando de una manera Objetiva, Veras y Oportuna los hechos de inter\u00e9s p\u00fablico. Copyright 2022\u00a9 Todos [&hellip;]<\/p>\n","protected":false},"author":1,"featured_media":0,"parent":0,"menu_order":0,"comment_status":"closed","ping_status":"closed","template":"","meta":{"om_disable_all_campaigns":false,"_monsterinsights_skip_tracking":false,"_monsterinsights_sitenote_active":false,"_monsterinsights_sitenote_note":"","_monsterinsights_sitenote_category":0,"footnotes":""},"aioseo_notices":[],"blog_post_layout_featured_media_urls":{"thumbnail":"","full":""},"categories_names":null,"comments_number":"0","wpmagazine_modules_lite_featured_media_urls":{"thumbnail":"","cvmm-medium":"","cvmm-medium-plus":"","cvmm-portrait":"","cvmm-medium-square":"","cvmm-large":"","cvmm-small":"","full":""},"_links":{"self":[{"href":"https:\/\/puenteinformativo.info\/index.php\/wp-json\/wp\/v2\/pages\/16"}],"collection":[{"href":"https:\/\/puenteinformativo.info\/index.php\/wp-json\/wp\/v2\/pages"}],"about":[{"href":"https:\/\/puenteinformativo.info\/index.php\/wp-json\/wp\/v2\/types\/page"}],"author":[{"embeddable":true,"href":"https:\/\/puenteinformativo.info\/index.php\/wp-json\/wp\/v2\/users\/1"}],"replies":[{"embeddable":true,"href":"https:\/\/puenteinformativo.info\/index.php\/wp-json\/wp\/v2\/comments?post=16"}],"version-history":[{"count":30,"href":"https:\/\/puenteinformativo.info\/index.php\/wp-json\/wp\/v2\/pages\/16\/revisions"}],"predecessor-version":[{"id":2327,"href":"https:\/\/puenteinformativo.info\/index.php\/wp-json\/wp\/v2\/pages\/16\/revisions\/2327"}],"wp:attachment":[{"href":"https:\/\/puenteinformativo.info\/index.php\/wp-json\/wp\/v2\/media?parent=16"}],"curies":[{"name":"wp","href":"https:\/\/api.w.org\/{rel}","templated":true}]}}